{"id":989,"date":"2025-08-20T20:00:03","date_gmt":"2025-08-20T20:00:03","guid":{"rendered":"https:\/\/www.alagard.se\/homepage"},"modified":"2026-04-29T08:09:50","modified_gmt":"2026-04-29T08:09:50","slug":"homepage","status":"publish","type":"page","link":"https:\/\/www.alagard.se\/en","title":{"rendered":"Homepage"},"content":{"rendered":"\n<div class=\"wp-block-stackable-columns alignfull stk-block-columns stk-block stk-3d2a017 stk-block-background stk--has-background-overlay\" data-block-id=\"3d2a017\"><style>.stk-3d2a017 .stk--block-align-3d2a017{align-items:flex-start !important;}.stk-3d2a017 {background-image:url(https:\/\/www.alagard.se\/wp-content\/uploads\/2025\/09\/kossor-pa-angen-trad-i-bakgrund-pa-Ala-Gard.jpg) !important;min-height:655px !important;align-items:flex-start !important;display:flex !important;}@media screen and (max-width:999px){.stk-3d2a017 {min-height:550px !important;}}@media screen and (max-width:689px){.stk-3d2a017 {min-height:285px !important;}}<\/style><div class=\"stk-row stk-inner-blocks stk--block-align-3d2a017 stk-block-content stk-content-align stk-3d2a017-column alignfull\">\n<div class=\"wp-block-stackable-column stk-block-column stk-column stk-block stk-eb63b6a\" data-v=\"4\" data-block-id=\"eb63b6a\"><div class=\"stk-column-wrapper stk-block-column__content stk-container stk-eb63b6a-container stk--no-background stk--no-padding\"><div class=\"stk-block-content stk-inner-blocks stk-eb63b6a-inner-blocks\">\n<div class=\"wp-block-stackable-image stk-block-image stk-block stk-eb9a34c\" data-block-id=\"eb9a34c\"><style>.stk-eb9a34c .stk-img-wrapper{width:80% !important;}<\/style><figure><span class=\"stk-img-wrapper stk-image--shape-stretch\"><img loading=\"lazy\" decoding=\"async\" class=\"stk-img wp-image-23\" src=\"https:\/\/www.alagard.se\/wp-content\/uploads\/2025\/08\/Logo-topp-1400-x-685-pxl-e1755716606923.png\" width=\"1400\" height=\"334\" srcset=\"https:\/\/www.alagard.se\/wp-content\/uploads\/2025\/08\/Logo-topp-1400-x-685-pxl-e1755716606923.png 1400w, https:\/\/www.alagard.se\/wp-content\/uploads\/2025\/08\/Logo-topp-1400-x-685-pxl-e1755716606923-600x143.png 600w, https:\/\/www.alagard.se\/wp-content\/uploads\/2025\/08\/Logo-topp-1400-x-685-pxl-e1755716606923-300x72.png 300w, https:\/\/www.alagard.se\/wp-content\/uploads\/2025\/08\/Logo-topp-1400-x-685-pxl-e1755716606923-1024x244.png 1024w, https:\/\/www.alagard.se\/wp-content\/uploads\/2025\/08\/Logo-topp-1400-x-685-pxl-e1755716606923-768x183.png 768w\" sizes=\"auto, (max-width: 1400px) 100vw, 1400px\" \/><\/span><\/figure><\/div>\n<\/div><\/div><\/div>\n<\/div><\/div>\n\n\n\n<div class=\"wp-block-stackable-columns stk-block-columns stk-block stk-629c490\" data-block-id=\"629c490\"><div class=\"stk-row stk-inner-blocks stk-block-content stk-content-align stk-629c490-column\">\n<div class=\"wp-block-stackable-column stk-block-column stk-column stk-block stk-c1195d0\" data-v=\"4\" data-block-id=\"c1195d0\"><div class=\"stk-column-wrapper stk-block-column__content stk-container stk-c1195d0-container stk--no-background stk--no-padding\"><div class=\"has-text-align-center stk-block-content stk-inner-blocks stk-c1195d0-inner-blocks\">\n<div class=\"wp-block-stackable-heading stk-block-heading stk-block-heading--v2 stk-block stk-fe59d6c\" id=\"valkommen-till-ala-gard\" data-block-id=\"fe59d6c\"><style>.stk-fe59d6c {margin-bottom:12px !important;}<\/style><h1 class=\"stk-block-heading__text\">Welcome to Ala Farms<\/h1><\/div>\n\n\n\n<div class=\"wp-block-stackable-text stk-block-text stk-block stk-aee7700\" data-block-id=\"aee7700\"><style>.stk-aee7700 {max-width:550px !important;min-width:auto !important;margin-right:auto !important;margin-bottom:14px !important;margin-left:auto !important;}<\/style><p class=\"stk-block-text__text\"><strong>Ala Farms is a family farm in Vassunda where land and forest meet people and community. Here we run agriculture, animal husbandry, and forestry, developing our own products with care in harmony with nature and the season<\/strong>.<br><br>In June 2025, we opened a farm shop and caf\u00e9 with our own farm-roasted coffee, freshly baked bread, delicious pastries, ingredients from the farm, and carefully selected local products. The farm is also a meeting place for events, excursions, and socializing &#8211; check out the events page to see upcoming courses and events! <\/p><\/div>\n<\/div><\/div><\/div>\n<\/div><\/div>\n\n\n\n<div class=\"wp-block-stackable-heading stk-block-heading stk-block-heading--v2 stk-block stk-2399a99\" id=\"oppettider-gardsbutik-amp-cafe\" data-block-id=\"2399a99\"><style>.stk-2399a99 {margin-bottom:12px !important;}<\/style><h2 class=\"stk-block-heading__text has-text-align-center\">Farm shop &amp; caf\u00e9 opening hours<\/h2><\/div>\n\n\n\n<div class=\"wp-block-stackable-text stk-block-text stk-block stk-3bdda8b\" id=\"oppettider-butik-amp-cafe\" data-block-id=\"3bdda8b\"><style>.stk-3bdda8b {margin-bottom:12px !important;}<\/style><p class=\"stk-block-text__text has-text-align-center\">Friday to Sunday 10 AM &#8211; 4 PM <strong><a href=\"https:\/\/www.alagard.se\/?page_id=66\"><span style=\"color: var(--theme-palette-color-4, #3b4695)\" class=\"stk-highlight\">Find us<\/span><\/a><\/strong><\/p><\/div>\n\n\n\n<div class=\"wp-block-stackable-text stk-block-text stk-block stk-89c3d85\" id=\"oppettider-butik-amp-cafe\" data-block-id=\"89c3d85\"><style>.stk-89c3d85 .stk-block-text__text{font-size:18px !important;font-weight:700 !important;}@media screen and (max-width:999px){.stk-89c3d85 .stk-block-text__text{font-size:18px !important;}}<\/style><p class=\"stk-block-text__text has-text-align-center\">The farm is currently closed for the season! We will reopen in May <\/p><\/div>\n\n\n\n<div class=\"wp-block-stackable-heading stk-block-heading stk--hide-desktop stk--hide-tablet stk--hide-mobile stk-block-heading--v2 stk-block stk-55728ce\" id=\"kommande-pa-garden\" data-block-id=\"55728ce\"><h2 class=\"stk-block-heading__text has-text-align-center\">Coming up on the farm<\/h2><\/div>\n\n\n\n<div class=\"wp-block-stackable-text stk-block-text stk--hide-desktop stk--hide-tablet stk--hide-mobile stk-block stk-f1bc50a\" data-block-id=\"f1bc50a\"><p class=\"stk-block-text__text has-text-align-center\"><a href=\"https:\/\/www.alagard.se\/en\/events\" data-type=\"page\" data-id=\"145\"><span style=\"color: var(--theme-palette-color-4, #3b4695)\" class=\"stk-highlight\"><strong>October 25th &#8211; Halloween at Ala G\u00e5rd \u2013 a spooky experience for the whole family<\/strong><\/span><\/a><\/p><\/div>\n\n\n\n<div class=\"wp-block-stackable-text stk-block-text stk--hide-desktop stk--hide-tablet stk--hide-mobile stk-block stk-6aa1c5f\" data-block-id=\"6aa1c5f\"><p class=\"stk-block-text__text has-text-align-center\">December &#8211; Christmas at Ala G\u00e5rd<\/p><\/div>\n\n\n\n<div class=\"wp-block-stackable-columns stk-block-columns stk-block stk-9aa75d5\" data-block-id=\"9aa75d5\"><div class=\"stk-row stk-inner-blocks stk-block-content stk-content-align stk-9aa75d5-column\">\n<div class=\"wp-block-stackable-column stk-block-column stk-column stk-block stk-286adb5\" data-v=\"4\" data-block-id=\"286adb5\"><style>.stk-286adb5-container{margin-top:10px !important;margin-right:10px !important;margin-bottom:10px !important;margin-left:10px !important;}@media screen and (min-width:690px) and (max-width:999px){.stk-286adb5 {flex:var(--stk-flex-grow, 1) 1 calc(33% - var(--stk-column-gap, 0px) * 2 \/ 3 ) !important;}}<\/style><div class=\"stk-column-wrapper stk-block-column__content stk-container stk-286adb5-container stk--no-background stk--no-padding\"><div class=\"stk-block-content stk-inner-blocks stk-286adb5-inner-blocks\">\n<div class=\"wp-block-stackable-image stk-block-image stk-block stk-1a7212d\" data-block-id=\"1a7212d\"><style>.stk-1a7212d .stk-img-wrapper{width:100% !important;}@media screen and (max-width:999px){.stk-1a7212d .stk-img-wrapper{width:100% !important;height:100% !important;}}<\/style><figure><a class=\"stk-link\" href=\"https:\/\/www.alagard.se\/en\/events\" title=\"L\u00e4nk till events\"><span class=\"stk-img-wrapper stk-image--shape-stretch\"><img loading=\"lazy\" decoding=\"async\" class=\"stk-img wp-image-1317\" src=\"https:\/\/www.alagard.se\/wp-content\/uploads\/2026\/04\/Ruta-EVENTS.jpg\" width=\"440\" height=\"445\" srcset=\"https:\/\/www.alagard.se\/wp-content\/uploads\/2026\/04\/Ruta-EVENTS.jpg 440w, https:\/\/www.alagard.se\/wp-content\/uploads\/2026\/04\/Ruta-EVENTS-297x300.jpg 297w, https:\/\/www.alagard.se\/wp-content\/uploads\/2026\/04\/Ruta-EVENTS-100x100.jpg 100w\" sizes=\"auto, (max-width: 440px) 100vw, 440px\" \/><\/span><\/a><\/figure><\/div>\n<\/div><a class=\"stk-link stk-block-link stk--transparent-overlay\" href=\"https:\/\/www.alagard.se\/en\/events\" title=\"Link to Events\" aria-hidden=\"true\" tabindex=\"-1\"><\/a><\/div><\/div>\n\n\n\n<div class=\"wp-block-stackable-column stk-block-column stk-column stk-block stk-13e2aae\" data-v=\"4\" data-block-id=\"13e2aae\"><style>.stk-13e2aae-container{margin-top:10px !important;margin-right:10px !important;margin-bottom:10px !important;margin-left:10px !important;}@media screen and (min-width:690px) and (max-width:999px){.stk-13e2aae {flex:var(--stk-flex-grow, 1) 1 calc(33% - var(--stk-column-gap, 0px) * 2 \/ 3 ) !important;}}<\/style><div class=\"stk-column-wrapper stk-block-column__content stk-container stk-13e2aae-container stk--no-background stk--no-padding\"><div class=\"stk-block-content stk-inner-blocks stk-13e2aae-inner-blocks\">\n<div class=\"wp-block-stackable-image stk-block-image stk-block stk-2b46657\" data-block-id=\"2b46657\"><style>.stk-2b46657 .stk-img-wrapper{width:100% !important;}@media screen and (max-width:999px){.stk-2b46657 .stk-img-wrapper{width:100% !important;height:100% !important;}}<\/style><figure><a class=\"stk-link\" href=\"https:\/\/www.alagard.se\/en\/farm-shop-cafe\" title=\"L\u00e4nk till G\u00e5rdsbutik &amp; Caf\u00e9\"><span class=\"stk-img-wrapper stk-image--shape-stretch\"><img loading=\"lazy\" decoding=\"async\" class=\"stk-img wp-image-1318\" src=\"https:\/\/www.alagard.se\/wp-content\/uploads\/2026\/04\/Ruta-shop-cafe.jpg\" width=\"440\" height=\"445\"\/><\/span><\/a><\/figure><\/div>\n<\/div><a class=\"stk-link stk-block-link stk--transparent-overlay\" href=\"https:\/\/www.alagard.se\/en\/farm-shop-cafe\" title=\"Link to Farm Shop &amp; Caf\u00e9\" aria-hidden=\"true\" tabindex=\"-1\"><\/a><\/div><\/div>\n\n\n\n<div class=\"wp-block-stackable-column stk-block-column stk-column stk-block stk-dc84b1a\" data-v=\"4\" data-block-id=\"dc84b1a\"><style>.stk-dc84b1a-container{margin-top:10px !important;margin-right:10px !important;margin-bottom:10px !important;margin-left:10px !important;}@media screen and (min-width:690px) and (max-width:999px){.stk-dc84b1a {flex:var(--stk-flex-grow, 1) 1 calc(33% - var(--stk-column-gap, 0px) * 2 \/ 3 ) !important;}}<\/style><div class=\"stk-column-wrapper stk-block-column__content stk-container stk-dc84b1a-container stk--no-background stk--no-padding\"><div class=\"stk-block-content stk-inner-blocks stk-dc84b1a-inner-blocks\">\n<div class=\"wp-block-stackable-image stk-block-image stk-block stk-28f6307\" data-block-id=\"28f6307\"><style>.stk-28f6307 .stk-img-wrapper{width:100% !important;}@media screen and (max-width:999px){.stk-28f6307 .stk-img-wrapper{width:100% !important;height:100% !important;}}<\/style><figure><a class=\"stk-link\" href=\"https:\/\/www.alagard.se\/en\/events\" title=\"L\u00e4nk till events\"><span class=\"stk-img-wrapper stk-image--shape-stretch\"><img loading=\"lazy\" decoding=\"async\" class=\"stk-img wp-image-1316\" src=\"https:\/\/www.alagard.se\/wp-content\/uploads\/2026\/04\/Ruta-about-us.jpg\" width=\"440\" height=\"445\" srcset=\"https:\/\/www.alagard.se\/wp-content\/uploads\/2026\/04\/Ruta-about-us.jpg 440w, https:\/\/www.alagard.se\/wp-content\/uploads\/2026\/04\/Ruta-about-us-297x300.jpg 297w, https:\/\/www.alagard.se\/wp-content\/uploads\/2026\/04\/Ruta-about-us-100x100.jpg 100w\" sizes=\"auto, (max-width: 440px) 100vw, 440px\" \/><\/span><\/a><\/figure><\/div>\n<\/div><a class=\"stk-link stk-block-link stk--transparent-overlay\" href=\"https:\/\/www.alagard.se\/en\/about-us\" title=\"Link to About us\" aria-hidden=\"true\" tabindex=\"-1\"><\/a><\/div><\/div>\n<\/div><\/div>\n","protected":false},"excerpt":{"rendered":"<p>Welcome to Ala Farms!<br \/>\nAla Farms is a family farm in Vassunda where land and forest meet people and community. Here we run agriculture, animal husbandry, and forestry, developing our own products with care in harmony with nature and the season.<\/p>\n","protected":false},"author":1,"featured_media":1305,"parent":0,"menu_order":1,"comment_status":"closed","ping_status":"closed","template":"","meta":{"_acf_changed":false,"footnotes":""},"class_list":["post-989","page","type-page","status-publish","has-post-thumbnail","hentry"],"blocksy_meta":[],"acf":[],"_links":{"self":[{"href":"https:\/\/www.alagard.se\/en\/wp-json\/wp\/v2\/pages\/989","targetHints":{"allow":["GET"]}}],"collection":[{"href":"https:\/\/www.alagard.se\/en\/wp-json\/wp\/v2\/pages"}],"about":[{"href":"https:\/\/www.alagard.se\/en\/wp-json\/wp\/v2\/types\/page"}],"author":[{"embeddable":true,"href":"https:\/\/www.alagard.se\/en\/wp-json\/wp\/v2\/users\/1"}],"replies":[{"embeddable":true,"href":"https:\/\/www.alagard.se\/en\/wp-json\/wp\/v2\/comments?post=989"}],"version-history":[{"count":13,"href":"https:\/\/www.alagard.se\/en\/wp-json\/wp\/v2\/pages\/989\/revisions"}],"predecessor-version":[{"id":1350,"href":"https:\/\/www.alagard.se\/en\/wp-json\/wp\/v2\/pages\/989\/revisions\/1350"}],"wp:featuredmedia":[{"embeddable":true,"href":"https:\/\/www.alagard.se\/en\/wp-json\/wp\/v2\/media\/1305"}],"wp:attachment":[{"href":"https:\/\/www.alagard.se\/en\/wp-json\/wp\/v2\/media?parent=989"}],"curies":[{"name":"wp","href":"https:\/\/api.w.org\/{rel}","templated":true}]}}